{"id":46831,"date":"2023-05-05T14:06:51","date_gmt":"2023-05-05T18:06:51","guid":{"rendered":"https:\/\/midi34.firmecreative.com\/produit\/uncategorized\/chaine-satellite-coloree\/"},"modified":"2026-02-03T12:44:12","modified_gmt":"2026-02-03T16:44:12","slug":"chaine-satellite-coloree","status":"publish","type":"product","link":"https:\/\/midi34.ca\/en\/product\/necklaces\/customizable-chains\/chaine-satellite-coloree\/","title":{"rendered":"Enamel satellite chain &#8211; black"},"excerpt":{"rendered":"<p>*LAST CHANCE<\/p>\n<p>This women&#8217;s chain features a satellite links featuring small colored enamel beads. It is made of gold vermeil, composed of 925 sterling silver and plated in 14k yellow gold or white gold.<\/p>\n<p>Length : 17 to 19 inches.<\/p>\n","protected":false},"featured_media":55122,"comment_status":"closed","ping_status":"closed","template":"","meta":{"_acf_changed":false},"product_brand":[],"product_cat":[58,289,413],"product_tag":[385,415],"class_list":{"0":"post-46831","1":"product","2":"type-product","3":"status-publish","4":"has-post-thumbnail","6":"product_cat-necklaces","7":"product_cat-customizable-chains","8":"product_cat-soldes-en","9":"product_tag-womens-collection","10":"product_tag-soldes-en","12":"first","13":"instock","14":"sale","15":"taxable","16":"shipping-taxable","17":"purchasable","18":"product-type-variable"},"acf":[],"yoast_head":"<!-- This site is optimized with the Yoast SEO plugin v27.3 - https:\/\/yoast.com\/product\/yoast-seo-wordpress\/ -->\n<title>Black enamel satellite chain - Women - Gold vermeil | Midi34<\/title>\n<meta name=\"description\" content=\"It is made of 925 sterling silver plated with 14k gold and lined with enamel. Adjustable length from 17 to 19 inches. Available in gold or white gold.\" \/>\n<meta name=\"robots\" content=\"index, follow, max-snippet:-1, max-image-preview:large, max-video-preview:-1\" \/>\n<link rel=\"canonical\" href=\"https:\/\/midi34.ca\/en\/product\/necklaces\/customizable-chains\/chaine-satellite-coloree\/\" \/>\n<meta property=\"og:locale\" content=\"en_US\" \/>\n<meta property=\"og:type\" content=\"article\" \/>\n<meta property=\"og:title\" content=\"Black enamel satellite chain - Women - Gold vermeil | Midi34\" \/>\n<meta property=\"og:description\" content=\"It is made of 925 sterling silver plated with 14k gold and lined with enamel. Adjustable length from 17 to 19 inches. Available in gold or white gold.\" \/>\n<meta property=\"og:url\" content=\"https:\/\/midi34.ca\/en\/product\/necklaces\/customizable-chains\/chaine-satellite-coloree\/\" \/>\n<meta property=\"og:site_name\" content=\"Midi34\" \/>\n<meta property=\"article:modified_time\" content=\"2026-02-03T16:44:12+00:00\" \/>\n<meta property=\"og:image\" content=\"https:\/\/midi34.ca\/wp-content\/uploads\/2023\/05\/derniere-chance-85.jpg\" \/>\n\t<meta property=\"og:image:width\" content=\"1200\" \/>\n\t<meta property=\"og:image:height\" content=\"1800\" \/>\n\t<meta property=\"og:image:type\" content=\"image\/jpeg\" \/>\n<meta name=\"twitter:card\" content=\"summary_large_image\" \/>\n<meta name=\"twitter:label1\" content=\"Est. reading time\" \/>\n\t<meta name=\"twitter:data1\" content=\"1 minute\" \/>\n<!-- \/ Yoast SEO plugin. -->","yoast_head_json":{"title":"Black enamel satellite chain - Women - Gold vermeil | Midi34","description":"It is made of 925 sterling silver plated with 14k gold and lined with enamel. Adjustable length from 17 to 19 inches. Available in gold or white gold.","robots":{"index":"index","follow":"follow","max-snippet":"max-snippet:-1","max-image-preview":"max-image-preview:large","max-video-preview":"max-video-preview:-1"},"canonical":"https:\/\/midi34.ca\/en\/product\/necklaces\/customizable-chains\/chaine-satellite-coloree\/","og_locale":"en_US","og_type":"article","og_title":"Black enamel satellite chain - Women - Gold vermeil | Midi34","og_description":"It is made of 925 sterling silver plated with 14k gold and lined with enamel. Adjustable length from 17 to 19 inches. Available in gold or white gold.","og_url":"https:\/\/midi34.ca\/en\/product\/necklaces\/customizable-chains\/chaine-satellite-coloree\/","og_site_name":"Midi34","article_modified_time":"2026-02-03T16:44:12+00:00","og_image":[{"width":1200,"height":1800,"url":"https:\/\/midi34.ca\/wp-content\/uploads\/2023\/05\/derniere-chance-85.jpg","type":"image\/jpeg"}],"twitter_card":"summary_large_image","twitter_misc":{"Est. reading time":"1 minute"},"schema":{"@context":"https:\/\/schema.org","@graph":[{"@type":"WebPage","@id":"https:\/\/midi34.ca\/en\/product\/necklaces\/customizable-chains\/chaine-satellite-coloree\/","url":"https:\/\/midi34.ca\/en\/product\/necklaces\/customizable-chains\/chaine-satellite-coloree\/","name":"Black enamel satellite chain - Women - Gold vermeil | Midi34","isPartOf":{"@id":"https:\/\/midi34.ca\/#website"},"primaryImageOfPage":{"@id":"https:\/\/midi34.ca\/en\/product\/necklaces\/customizable-chains\/chaine-satellite-coloree\/#primaryimage"},"image":{"@id":"https:\/\/midi34.ca\/en\/product\/necklaces\/customizable-chains\/chaine-satellite-coloree\/#primaryimage"},"thumbnailUrl":"https:\/\/midi34.ca\/wp-content\/uploads\/2023\/05\/derniere-chance-85.jpg","datePublished":"2023-05-05T18:06:51+00:00","dateModified":"2026-02-03T16:44:12+00:00","description":"It is made of 925 sterling silver plated with 14k gold and lined with enamel. Adjustable length from 17 to 19 inches. Available in gold or white gold.","breadcrumb":{"@id":"https:\/\/midi34.ca\/en\/product\/necklaces\/customizable-chains\/chaine-satellite-coloree\/#breadcrumb"},"inLanguage":"en-US","potentialAction":[{"@type":"ReadAction","target":["https:\/\/midi34.ca\/en\/product\/necklaces\/customizable-chains\/chaine-satellite-coloree\/"]}]},{"@type":"ImageObject","inLanguage":"en-US","@id":"https:\/\/midi34.ca\/en\/product\/necklaces\/customizable-chains\/chaine-satellite-coloree\/#primaryimage","url":"https:\/\/midi34.ca\/wp-content\/uploads\/2023\/05\/derniere-chance-85.jpg","contentUrl":"https:\/\/midi34.ca\/wp-content\/uploads\/2023\/05\/derniere-chance-85.jpg","width":1200,"height":1800,"caption":"Cha\u00eene satellite color\u00e9e noire - derni\u00e8re chance"},{"@type":"BreadcrumbList","@id":"https:\/\/midi34.ca\/en\/product\/necklaces\/customizable-chains\/chaine-satellite-coloree\/#breadcrumb","itemListElement":[{"@type":"ListItem","position":1,"name":"Accueil","item":"https:\/\/midi34.ca\/en\/"},{"@type":"ListItem","position":2,"name":"Enamel satellite chain &#8211; black"}]},{"@type":"WebSite","@id":"https:\/\/midi34.ca\/#website","url":"https:\/\/midi34.ca\/","name":"Midi34","description":"Boutique de bijoux minimalistes","potentialAction":[{"@type":"SearchAction","target":{"@type":"EntryPoint","urlTemplate":"https:\/\/midi34.ca\/?s={search_term_string}"},"query-input":{"@type":"PropertyValueSpecification","valueRequired":true,"valueName":"search_term_string"}}],"inLanguage":"en-US"}]}},"_links":{"self":[{"href":"https:\/\/midi34.ca\/en\/wp-json\/wp\/v2\/product\/46831","targetHints":{"allow":["GET"]}}],"collection":[{"href":"https:\/\/midi34.ca\/en\/wp-json\/wp\/v2\/product"}],"about":[{"href":"https:\/\/midi34.ca\/en\/wp-json\/wp\/v2\/types\/product"}],"replies":[{"embeddable":true,"href":"https:\/\/midi34.ca\/en\/wp-json\/wp\/v2\/comments?post=46831"}],"wp:featuredmedia":[{"embeddable":true,"href":"https:\/\/midi34.ca\/en\/wp-json\/wp\/v2\/media\/55122"}],"wp:attachment":[{"href":"https:\/\/midi34.ca\/en\/wp-json\/wp\/v2\/media?parent=46831"}],"wp:term":[{"taxonomy":"product_brand","embeddable":true,"href":"https:\/\/midi34.ca\/en\/wp-json\/wp\/v2\/product_brand?post=46831"},{"taxonomy":"product_cat","embeddable":true,"href":"https:\/\/midi34.ca\/en\/wp-json\/wp\/v2\/product_cat?post=46831"},{"taxonomy":"product_tag","embeddable":true,"href":"https:\/\/midi34.ca\/en\/wp-json\/wp\/v2\/product_tag?post=46831"}],"curies":[{"name":"wp","href":"https:\/\/api.w.org\/{rel}","templated":true}]}}